{"id":380,"date":"2023-06-08T12:57:16","date_gmt":"2023-06-08T12:57:16","guid":{"rendered":"https:\/\/ranchbelairtremblant.com\/lodging\/"},"modified":"2023-06-08T17:24:24","modified_gmt":"2023-06-08T17:24:24","slug":"hebergement","status":"publish","type":"page","link":"https:\/\/ranchbelairtremblant.com\/fr\/hebergement\/","title":{"rendered":"H\u00e9bergement"},"content":{"rendered":"<section class=\"wpb-content-wrapper\"><p>[vc_row layout=\u00a0\u00bbnormal_no_spaces\u00a0\u00bb css=\u00a0\u00bb.vc_custom_1682616926125{padding-top: 45px !important;}\u00a0\u00bb][vc_column][vc_custom_heading text=\u00a0\u00bb\u00a0\u00bb font_container=\u00a0\u00bbtag:h2|font_size:32px|text_align:center|color:%23dd0000&Prime; google_fonts=\u00a0\u00bbfont_family:Oswald%3A300%2Cregular%2C700|font_style:400%20regular%3A400%3Anormal\u00a0\u00bb el_class=\u00a0\u00bbfont_weight_600&Prime; css=\u00a0\u00bb.vc_custom_1686229882349{margin-bottom: 0px !important;padding-bottom: 0px !important;}\u00a0\u00bb][vc_column_text]<\/p>\n<h2 style=\"text-align: center; font-size: 32px; font-family: oswald;\"><span style=\"color: #104704;\"><strong>H\u00e9bergement \u00e0<\/strong> <span style=\"font-weight: 300; color: black;\">Bel Air Tremblant<\/span><\/span><\/h2>\n<p>[\/vc_column_text][vc_empty_space][vc_column_text]<strong>Bel Air Tremblant<\/strong> est le concept h\u00f4telier le plus innovant du canada, c&rsquo; est une destination \u00e0 part enti\u00e8re qui offre des h\u00e9bergements uniques et luxueux. Belair Tremblant a re\u00e7u (mai 2023) le prix d&rsquo; excellence de Tripadvisor qui nous classe notre resort parmis les top 10% h\u00f4tels au monde. Nous proposons des h\u00e9bergements uniques et vari\u00e9s comme nos chalets modernes, nos d\u00f4mes Geodesic domes et nos pods. Notre mission est de vous offrir une exp\u00e9rience unique avec un service personnalis\u00e9 et impeccable. [\/vc_column_text][\/vc_column][\/vc_row][vc_row gap=\u00a0\u00bb20&Prime; css=\u00a0\u00bb.vc_custom_1668103345814{margin-top: 15px !important;margin-bottom: 30px !important;border-bottom-width: 1px !important;padding-bottom: 20px !important;border-bottom-color: #d3d3d3 !important;border-bottom-style: solid !important;}\u00a0\u00bb][vc_column width=\u00a0\u00bb1\/3&Prime; css=\u00a0\u00bb.vc_custom_1686229231342{border-top-width: 2px !important;border-right-width: 2px !important;border-bottom-width: 2px !important;border-left-width: 2px !important;padding-top: 8px !important;padding-right: 8px !important;padding-bottom: 8px !important;padding-left: 8px !important;background-color: #ffffff !important;border-left-color: #104704 !important;border-left-style: solid !important;border-right-color: #104704 !important;border-right-style: solid !important;border-top-color: #104704 !important;border-top-style: solid !important;border-bottom-color: #104704 !important;border-bottom-style: solid !important;border-radius: 3px !important;}\u00a0\u00bb][vc_single_image image=\u00a0\u00bb302&Prime; img_size=\u00a0\u00bbfull\u00a0\u00bb alignment=\u00a0\u00bbcenter\u00a0\u00bb onclick=\u00a0\u00bbcustom_link\u00a0\u00bb img_link_target=\u00a0\u00bb_blank\u00a0\u00bb css_animation=\u00a0\u00bbzoomIn\u00a0\u00bb link=\u00a0\u00bbhttps:\/\/belairtremblant.com\/fr\/locations\/domes\/\u00a0\u00bb][vc_column_text css=\u00a0\u00bb.vc_custom_1686233490186{margin-top: 0px !important;padding-top: 0px !important;padding-right: 10px !important;padding-bottom: 0px !important;padding-left: 10px !important;}\u00a0\u00bb]<\/p>\n<p style=\"text-align: center;\"><strong><span style=\"font-size: 16px;\"><span style=\"color: #444444;\">DOMES<\/span><\/span><\/strong><\/p>\n<p style=\"text-align: center;\"><a href=\"https:\/\/belairtremblant.com\/fr\/locations\/domes\/\"><strong><span style=\"color: #104704;\">Plus d\u2019informations<\/span><\/strong><\/a><\/p>\n<p>[\/vc_column_text][\/vc_column][vc_column width=\u00a0\u00bb1\/3&Prime; css=\u00a0\u00bb.vc_custom_1686229238366{border-top-width: 2px !important;border-right-width: 2px !important;border-bottom-width: 2px !important;border-left-width: 2px !important;padding-top: 8px !important;padding-right: 8px !important;padding-bottom: 8px !important;padding-left: 8px !important;background-color: #ffffff !important;border-left-color: #104704 !important;border-left-style: solid !important;border-right-color: #104704 !important;border-right-style: solid !important;border-top-color: #104704 !important;border-top-style: solid !important;border-bottom-color: #104704 !important;border-bottom-style: solid !important;border-radius: 2px !important;}\u00a0\u00bb][vc_single_image image=\u00a0\u00bb304&Prime; img_size=\u00a0\u00bbfull\u00a0\u00bb alignment=\u00a0\u00bbcenter\u00a0\u00bb onclick=\u00a0\u00bbcustom_link\u00a0\u00bb img_link_target=\u00a0\u00bb_blank\u00a0\u00bb css_animation=\u00a0\u00bbzoomIn\u00a0\u00bb link=\u00a0\u00bbhttps:\/\/belairtremblant.com\/fr\/locations\/pods\/\u00a0\u00bb][vc_column_text css=\u00a0\u00bb.vc_custom_1686233527793{margin-top: 0px !important;padding-top: 0px !important;padding-right: 10px !important;padding-bottom: 0px !important;padding-left: 10px !important;}\u00a0\u00bb]<\/p>\n<p style=\"text-align: center;\"><strong><span style=\"font-size: 16px;\"><span style=\"color: #444444;\">PODS<\/span><\/span><\/strong><\/p>\n<p style=\"text-align: center;\"><a href=\"https:\/\/belairtremblant.com\/fr\/locations\/pods\/\"><strong><span style=\"color: #104704;\">Plus d\u2019informations<\/span><\/strong><\/a><\/p>\n<p>[\/vc_column_text][\/vc_column][vc_column width=\u00a0\u00bb1\/3&Prime; css=\u00a0\u00bb.vc_custom_1686229246141{border-top-width: 2px !important;border-right-width: 2px !important;border-bottom-width: 2px !important;border-left-width: 2px !important;padding-top: 8px !important;padding-right: 8px !important;padding-bottom: 8px !important;padding-left: 8px !important;background-color: #ffffff !important;border-left-color: #104704 !important;border-left-style: solid !important;border-right-color: #104704 !important;border-right-style: solid !important;border-top-color: #104704 !important;border-top-style: solid !important;border-bottom-color: #104704 !important;border-bottom-style: solid !important;border-radius: 3px !important;}\u00a0\u00bb][vc_single_image image=\u00a0\u00bb306&Prime; img_size=\u00a0\u00bbfull\u00a0\u00bb alignment=\u00a0\u00bbcenter\u00a0\u00bb onclick=\u00a0\u00bbcustom_link\u00a0\u00bb img_link_target=\u00a0\u00bb_blank\u00a0\u00bb css_animation=\u00a0\u00bbzoomIn\u00a0\u00bb link=\u00a0\u00bbhttps:\/\/belairtremblant.com\/fr\/locations\/chalets\/\u00a0\u00bb][vc_column_text css=\u00a0\u00bb.vc_custom_1686233566209{margin-top: 0px !important;padding-top: 0px !important;padding-right: 10px !important;padding-bottom: 0px !important;padding-left: 10px !important;}\u00a0\u00bb]<\/p>\n<p style=\"text-align: center;\"><strong><span style=\"font-size: 16px;\"><span style=\"color: #444444;\">CHALETS<\/span><\/span><\/strong><\/p>\n<p style=\"text-align: center;\"><a href=\"https:\/\/belairtremblant.com\/fr\/locations\/chalets\/\"><strong><span style=\"color: #104704;\">Plus d\u2019informations<\/span><\/strong><\/a><\/p>\n<p>[\/vc_column_text][\/vc_column][\/vc_row]<\/p>\n<\/section>","protected":false},"excerpt":{"rendered":"<p>[vc_row layout=\u00a0\u00bbnormal_no_spaces\u00a0\u00bb css=\u00a0\u00bb.vc_custom_1682616926125{padding-top: 45px !important;}\u00a0\u00bb][vc_column][vc_custom_heading text=\u00a0\u00bb\u00a0\u00bb font_container=\u00a0\u00bbtag:h2|font_size:32px|text_align:center|color:%23dd0000&Prime; google_fonts=\u00a0\u00bbfont_family:Oswald%3A300%2Cregular%2C700|font_style:400%20regular%3A400%3Anormal\u00a0\u00bb el_class=\u00a0\u00bbfont_weight_600&Prime; css=\u00a0\u00bb.vc_custom_1686229882349{margin-bottom: 0px !important;padding-bottom: 0px !important;}\u00a0\u00bb][vc_column_text] H\u00e9bergement \u00e0 Bel Air Tremblant [\/vc_column_text][vc_empty_space][vc_column_text]Bel Air Tremblant est le concept h\u00f4telier le plus innovant du canada, c&rsquo; est une destination \u00e0 part enti\u00e8re qui offre des h\u00e9bergements uniques et luxueux. Belair Tremblant a re\u00e7u (mai 2023) le prix d&rsquo; excellence&hellip;<\/p>\n","protected":false},"author":1,"featured_media":303,"parent":0,"menu_order":0,"comment_status":"closed","ping_status":"closed","template":"","meta":{"footnotes":""},"class_list":["post-380","page","type-page","status-publish","has-post-thumbnail","hentry","description-off"],"yoast_head":"<!-- This site is optimized with the Yoast SEO Premium plugin v20.7 (Yoast SEO v27.4) - https:\/\/yoast.com\/product\/yoast-seo-premium-wordpress\/ -->\n<title>Location de chalet et d\u00f4me \u00e0 Mont Tremblant, pods \u00e0 Tremblant.<\/title>\n<meta name=\"description\" content=\"H\u00e9bergement \u00e0 Bel Air Tremblant. Location de d\u00f4me et location de chalet \u00e0 Mont Tremblant, location de pods \u00e0 Tremblant. Locations de vacances \u00e0 Mont Tremblant.\" \/>\n<meta name=\"robots\" content=\"index, follow, max-snippet:-1, max-image-preview:large, max-video-preview:-1\" \/>\n<link rel=\"canonical\" href=\"https:\/\/ranchbelairtremblant.com\/fr\/hebergement\/\" \/>\n<meta property=\"og:locale\" content=\"fr_FR\" \/>\n<meta property=\"og:type\" content=\"article\" \/>\n<meta property=\"og:title\" content=\"H\u00e9bergement\" \/>\n<meta property=\"og:description\" content=\"H\u00e9bergement \u00e0 Bel Air Tremblant. Location de d\u00f4me et location de chalet \u00e0 Mont Tremblant, location de pods \u00e0 Tremblant. Locations de vacances \u00e0 Mont Tremblant.\" \/>\n<meta property=\"og:url\" content=\"https:\/\/ranchbelairtremblant.com\/fr\/hebergement\/\" \/>\n<meta property=\"og:site_name\" content=\"Ranch Bel Air Tremblant\" \/>\n<meta property=\"article:modified_time\" content=\"2023-06-08T17:24:24+00:00\" \/>\n<meta property=\"og:image\" content=\"https:\/\/ranchbelairtremblant.com\/wp-content\/uploads\/2023\/06\/domes-section-jpg.webp\" \/>\n\t<meta property=\"og:image:width\" content=\"600\" \/>\n\t<meta property=\"og:image:height\" content=\"405\" \/>\n\t<meta property=\"og:image:type\" content=\"image\/jpeg\" \/>\n<meta name=\"twitter:card\" content=\"summary_large_image\" \/>\n<meta name=\"twitter:label1\" content=\"Dur\u00e9e de lecture estim\u00e9e\" \/>\n\t<meta name=\"twitter:data1\" content=\"2 minutes\" \/>\n<script type=\"application\/ld+json\" class=\"yoast-schema-graph\">{\"@context\":\"https:\\\/\\\/schema.org\",\"@graph\":[{\"@type\":\"WebPage\",\"@id\":\"https:\\\/\\\/ranchbelairtremblant.com\\\/fr\\\/hebergement\\\/\",\"url\":\"https:\\\/\\\/ranchbelairtremblant.com\\\/fr\\\/hebergement\\\/\",\"name\":\"Location de chalet et d\u00f4me \u00e0 Mont Tremblant, pods \u00e0 Tremblant.\",\"isPartOf\":{\"@id\":\"https:\\\/\\\/ranchbelairtremblant.com\\\/fr\\\/#website\"},\"primaryImageOfPage\":{\"@id\":\"https:\\\/\\\/ranchbelairtremblant.com\\\/fr\\\/hebergement\\\/#primaryimage\"},\"image\":{\"@id\":\"https:\\\/\\\/ranchbelairtremblant.com\\\/fr\\\/hebergement\\\/#primaryimage\"},\"thumbnailUrl\":\"https:\\\/\\\/ranchbelairtremblant.com\\\/wp-content\\\/uploads\\\/2023\\\/06\\\/domes-section-jpg.webp\",\"datePublished\":\"2023-06-08T12:57:16+00:00\",\"dateModified\":\"2023-06-08T17:24:24+00:00\",\"description\":\"H\u00e9bergement \u00e0 Bel Air Tremblant. Location de d\u00f4me et location de chalet \u00e0 Mont Tremblant, location de pods \u00e0 Tremblant. Locations de vacances \u00e0 Mont Tremblant.\",\"breadcrumb\":{\"@id\":\"https:\\\/\\\/ranchbelairtremblant.com\\\/fr\\\/hebergement\\\/#breadcrumb\"},\"inLanguage\":\"fr-FR\",\"potentialAction\":[{\"@type\":\"ReadAction\",\"target\":[\"https:\\\/\\\/ranchbelairtremblant.com\\\/fr\\\/hebergement\\\/\"]}]},{\"@type\":\"ImageObject\",\"inLanguage\":\"fr-FR\",\"@id\":\"https:\\\/\\\/ranchbelairtremblant.com\\\/fr\\\/hebergement\\\/#primaryimage\",\"url\":\"https:\\\/\\\/ranchbelairtremblant.com\\\/wp-content\\\/uploads\\\/2023\\\/06\\\/domes-section-jpg.webp\",\"contentUrl\":\"https:\\\/\\\/ranchbelairtremblant.com\\\/wp-content\\\/uploads\\\/2023\\\/06\\\/domes-section-jpg.webp\",\"width\":600,\"height\":405},{\"@type\":\"BreadcrumbList\",\"@id\":\"https:\\\/\\\/ranchbelairtremblant.com\\\/fr\\\/hebergement\\\/#breadcrumb\",\"itemListElement\":[{\"@type\":\"ListItem\",\"position\":1,\"name\":\"Home\",\"item\":\"https:\\\/\\\/ranchbelairtremblant.com\\\/fr\\\/\"},{\"@type\":\"ListItem\",\"position\":2,\"name\":\"H\u00e9bergement\"}]},{\"@type\":\"WebSite\",\"@id\":\"https:\\\/\\\/ranchbelairtremblant.com\\\/fr\\\/#website\",\"url\":\"https:\\\/\\\/ranchbelairtremblant.com\\\/fr\\\/\",\"name\":\"Ranch Bel Air Tremblant\",\"description\":\"\",\"potentialAction\":[{\"@type\":\"SearchAction\",\"target\":{\"@type\":\"EntryPoint\",\"urlTemplate\":\"https:\\\/\\\/ranchbelairtremblant.com\\\/fr\\\/?s={search_term_string}\"},\"query-input\":{\"@type\":\"PropertyValueSpecification\",\"valueRequired\":true,\"valueName\":\"search_term_string\"}}],\"inLanguage\":\"fr-FR\"}]}<\/script>\n<!-- \/ Yoast SEO Premium plugin. -->","yoast_head_json":{"title":"Location de chalet et d\u00f4me \u00e0 Mont Tremblant, pods \u00e0 Tremblant.","description":"H\u00e9bergement \u00e0 Bel Air Tremblant. Location de d\u00f4me et location de chalet \u00e0 Mont Tremblant, location de pods \u00e0 Tremblant. Locations de vacances \u00e0 Mont Tremblant.","robots":{"index":"index","follow":"follow","max-snippet":"max-snippet:-1","max-image-preview":"max-image-preview:large","max-video-preview":"max-video-preview:-1"},"canonical":"https:\/\/ranchbelairtremblant.com\/fr\/hebergement\/","og_locale":"fr_FR","og_type":"article","og_title":"H\u00e9bergement","og_description":"H\u00e9bergement \u00e0 Bel Air Tremblant. Location de d\u00f4me et location de chalet \u00e0 Mont Tremblant, location de pods \u00e0 Tremblant. Locations de vacances \u00e0 Mont Tremblant.","og_url":"https:\/\/ranchbelairtremblant.com\/fr\/hebergement\/","og_site_name":"Ranch Bel Air Tremblant","article_modified_time":"2023-06-08T17:24:24+00:00","og_image":[{"width":600,"height":405,"url":"https:\/\/ranchbelairtremblant.com\/wp-content\/uploads\/2023\/06\/domes-section-jpg.webp","type":"image\/jpeg"}],"twitter_card":"summary_large_image","twitter_misc":{"Dur\u00e9e de lecture estim\u00e9e":"2 minutes"},"schema":{"@context":"https:\/\/schema.org","@graph":[{"@type":"WebPage","@id":"https:\/\/ranchbelairtremblant.com\/fr\/hebergement\/","url":"https:\/\/ranchbelairtremblant.com\/fr\/hebergement\/","name":"Location de chalet et d\u00f4me \u00e0 Mont Tremblant, pods \u00e0 Tremblant.","isPartOf":{"@id":"https:\/\/ranchbelairtremblant.com\/fr\/#website"},"primaryImageOfPage":{"@id":"https:\/\/ranchbelairtremblant.com\/fr\/hebergement\/#primaryimage"},"image":{"@id":"https:\/\/ranchbelairtremblant.com\/fr\/hebergement\/#primaryimage"},"thumbnailUrl":"https:\/\/ranchbelairtremblant.com\/wp-content\/uploads\/2023\/06\/domes-section-jpg.webp","datePublished":"2023-06-08T12:57:16+00:00","dateModified":"2023-06-08T17:24:24+00:00","description":"H\u00e9bergement \u00e0 Bel Air Tremblant. Location de d\u00f4me et location de chalet \u00e0 Mont Tremblant, location de pods \u00e0 Tremblant. Locations de vacances \u00e0 Mont Tremblant.","breadcrumb":{"@id":"https:\/\/ranchbelairtremblant.com\/fr\/hebergement\/#breadcrumb"},"inLanguage":"fr-FR","potentialAction":[{"@type":"ReadAction","target":["https:\/\/ranchbelairtremblant.com\/fr\/hebergement\/"]}]},{"@type":"ImageObject","inLanguage":"fr-FR","@id":"https:\/\/ranchbelairtremblant.com\/fr\/hebergement\/#primaryimage","url":"https:\/\/ranchbelairtremblant.com\/wp-content\/uploads\/2023\/06\/domes-section-jpg.webp","contentUrl":"https:\/\/ranchbelairtremblant.com\/wp-content\/uploads\/2023\/06\/domes-section-jpg.webp","width":600,"height":405},{"@type":"BreadcrumbList","@id":"https:\/\/ranchbelairtremblant.com\/fr\/hebergement\/#breadcrumb","itemListElement":[{"@type":"ListItem","position":1,"name":"Home","item":"https:\/\/ranchbelairtremblant.com\/fr\/"},{"@type":"ListItem","position":2,"name":"H\u00e9bergement"}]},{"@type":"WebSite","@id":"https:\/\/ranchbelairtremblant.com\/fr\/#website","url":"https:\/\/ranchbelairtremblant.com\/fr\/","name":"Ranch Bel Air Tremblant","description":"","potentialAction":[{"@type":"SearchAction","target":{"@type":"EntryPoint","urlTemplate":"https:\/\/ranchbelairtremblant.com\/fr\/?s={search_term_string}"},"query-input":{"@type":"PropertyValueSpecification","valueRequired":true,"valueName":"search_term_string"}}],"inLanguage":"fr-FR"}]}},"jetpack_sharing_enabled":true,"_links":{"self":[{"href":"https:\/\/ranchbelairtremblant.com\/fr\/wp-json\/wp\/v2\/pages\/380","targetHints":{"allow":["GET"]}}],"collection":[{"href":"https:\/\/ranchbelairtremblant.com\/fr\/wp-json\/wp\/v2\/pages"}],"about":[{"href":"https:\/\/ranchbelairtremblant.com\/fr\/wp-json\/wp\/v2\/types\/page"}],"author":[{"embeddable":true,"href":"https:\/\/ranchbelairtremblant.com\/fr\/wp-json\/wp\/v2\/users\/1"}],"replies":[{"embeddable":true,"href":"https:\/\/ranchbelairtremblant.com\/fr\/wp-json\/wp\/v2\/comments?post=380"}],"version-history":[{"count":2,"href":"https:\/\/ranchbelairtremblant.com\/fr\/wp-json\/wp\/v2\/pages\/380\/revisions"}],"predecessor-version":[{"id":382,"href":"https:\/\/ranchbelairtremblant.com\/fr\/wp-json\/wp\/v2\/pages\/380\/revisions\/382"}],"wp:featuredmedia":[{"embeddable":true,"href":"https:\/\/ranchbelairtremblant.com\/fr\/wp-json\/wp\/v2\/media\/303"}],"wp:attachment":[{"href":"https:\/\/ranchbelairtremblant.com\/fr\/wp-json\/wp\/v2\/media?parent=380"}],"curies":[{"name":"wp","href":"https:\/\/api.w.org\/{rel}","templated":true}]}}