{"id":391,"date":"2023-06-08T13:59:28","date_gmt":"2023-06-08T13:59:28","guid":{"rendered":"https:\/\/ranchbelairtremblant.com\/ono-spa\/"},"modified":"2023-06-08T15:46:11","modified_gmt":"2023-06-08T15:46:11","slug":"ono-spa","status":"publish","type":"page","link":"https:\/\/ranchbelairtremblant.com\/fr\/ono-spa\/","title":{"rendered":"Ono Spa"},"content":{"rendered":"<section class=\"wpb-content-wrapper\"><p>[vc_row layout=\u00a0\u00bbnormal_no_spaces\u00a0\u00bb css=\u00a0\u00bb.vc_custom_1682616926125{padding-top: 45px !important;}\u00a0\u00bb][vc_column][vc_custom_heading text=\u00a0\u00bb\u00a0\u00bb font_container=\u00a0\u00bbtag:h2|font_size:32px|text_align:center|color:%23dd0000&Prime; google_fonts=\u00a0\u00bbfont_family:Oswald%3A300%2Cregular%2C700|font_style:400%20regular%3A400%3Anormal\u00a0\u00bb el_class=\u00a0\u00bbfont_weight_600&Prime; css=\u00a0\u00bb.vc_custom_1686229882349{margin-bottom: 0px !important;padding-bottom: 0px !important;}\u00a0\u00bb][vc_column_text]<\/p>\n<h2 style=\"text-align: center; font-size: 32px; font-family: oswald;\"><span style=\"color: #104704;\"><strong>Ono Spa \u00e0<\/strong> <span style=\"font-weight: 300; color: black;\">Bel Air Tremblant<\/span><\/span><\/h2>\n<p>[\/vc_column_text][vc_column_text]Ono Spa offre des services exceptionnels dans un univers de luxe et totalement Zen. Nous nous occupons de nos clients avec un soin, Ono Spa est cat\u00e9goris\u00e9 comme un \u201cSpa Boutique\u201d d\u00e9di\u00e9 enti\u00e8rement \u00e0 votre bien \u00eatre. Nos soins hauts de gamme vous enchanteront que ce soient nos traitements du corps ou de la peau. Ono Spa a re\u00e7u le Prix d&rsquo;Excellence Tripadvisor 2022 et est le spa qui a les meilleurs t\u00e9moignages clients \u00e0 Mont Tremblant[\/vc_column_text][vc_single_image image=\u00a0\u00bb367&Prime; img_size=\u00a0\u00bbfull\u00a0\u00bb alignment=\u00a0\u00bbcenter\u00a0\u00bb css=\u00a0\u00bb.vc_custom_1686232663186{margin-top: 20px !important;}\u00a0\u00bb][\/vc_column][\/vc_row][vc_row][vc_column][vc_column_text]<br \/>\n[\/vc_column_text][\/vc_column][\/vc_row][vc_row][vc_column][vc_media_grid element_width=\u00a0\u00bb3&Prime; gap=\u00a0\u00bb10&Prime; grid_id=\u00a0\u00bbvc_gid:1686238995540-881aeff9-8636-10&Prime; include=\u00a0\u00bb373,371,375,369&Prime;][\/vc_column][\/vc_row][vc_row][vc_column][vc_separator padding_top=\u00a0\u00bb30&Prime; padding_bottom=\u00a0\u00bb30&Prime;][vc_column_text]<\/p>\n<p style=\"text-align: center; font-size: 16px;\"><strong>Du lundi au dimanche : 9h00\u201319h00<\/strong><\/p>\n<p style=\"text-align: center; font-size: 16px;\"><strong>T\u00e9l\u00e9phone:<\/strong><br \/>\n<i class=\"fa-fw icomoon-the7-font-the7-phone-06\"><\/i><a href=\"tel:+1 819-717-2551\">+1 819-717-2551<\/a><\/p>\n<p style=\"text-align: center; font-size: 16px;\"><strong>Site web:<\/strong><br \/>\n<a href=\"https:\/\/onospatremblant.com\/fr\/\" target=\"_blank\" rel=\"noopener\">https:\/\/onospatremblant.com\/fr\/<\/a><\/p>\n<p>[\/vc_column_text][vc_separator padding_top=\u00a0\u00bb30&Prime; padding_bottom=\u00a0\u00bb30&Prime;][\/vc_column][\/vc_row]<\/p>\n<\/section>","protected":false},"excerpt":{"rendered":"<p>[vc_row layout=\u00a0\u00bbnormal_no_spaces\u00a0\u00bb css=\u00a0\u00bb.vc_custom_1682616926125{padding-top: 45px !important;}\u00a0\u00bb][vc_column][vc_custom_heading text=\u00a0\u00bb\u00a0\u00bb font_container=\u00a0\u00bbtag:h2|font_size:32px|text_align:center|color:%23dd0000&Prime; google_fonts=\u00a0\u00bbfont_family:Oswald%3A300%2Cregular%2C700|font_style:400%20regular%3A400%3Anormal\u00a0\u00bb el_class=\u00a0\u00bbfont_weight_600&Prime; css=\u00a0\u00bb.vc_custom_1686229882349{margin-bottom: 0px !important;padding-bottom: 0px !important;}\u00a0\u00bb][vc_column_text] Ono Spa \u00e0 Bel Air Tremblant [\/vc_column_text][vc_column_text]Ono Spa offre des services exceptionnels dans un univers de luxe et totalement Zen. Nous nous occupons de nos clients avec un soin, Ono Spa est cat\u00e9goris\u00e9 comme un \u201cSpa Boutique\u201d d\u00e9di\u00e9 enti\u00e8rement \u00e0 votre&hellip;<\/p>\n","protected":false},"author":1,"featured_media":0,"parent":0,"menu_order":0,"comment_status":"closed","ping_status":"closed","template":"","meta":{"footnotes":""},"class_list":["post-391","page","type-page","status-publish","hentry","description-off"],"yoast_head":"<!-- This site is optimized with the Yoast SEO Premium plugin v20.7 (Yoast SEO v27.4) - https:\/\/yoast.com\/product\/yoast-seo-premium-wordpress\/ -->\n<title>Ono Spa \u00e0 Mont Tremblant. Massage th\u00e9rapeutique \u00e0 Tremblant.<\/title>\n<meta name=\"description\" content=\"Offrez-vous un soin du visage apaisant, une manucure, un enveloppement corporel ou un massage th\u00e9rapeutique \u00e0 Mont Tremblant au Ono Spa Tremblant Bel Air Resort.\" \/>\n<meta name=\"robots\" content=\"index, follow, max-snippet:-1, max-image-preview:large, max-video-preview:-1\" \/>\n<link rel=\"canonical\" href=\"https:\/\/ranchbelairtremblant.com\/fr\/ono-spa\/\" \/>\n<meta property=\"og:locale\" content=\"fr_FR\" \/>\n<meta property=\"og:type\" content=\"article\" \/>\n<meta property=\"og:title\" content=\"Ono Spa\" \/>\n<meta property=\"og:description\" content=\"Offrez-vous un soin du visage apaisant, une manucure, un enveloppement corporel ou un massage th\u00e9rapeutique \u00e0 Mont Tremblant au Ono Spa Tremblant Bel Air Resort.\" \/>\n<meta property=\"og:url\" content=\"https:\/\/ranchbelairtremblant.com\/fr\/ono-spa\/\" \/>\n<meta property=\"og:site_name\" content=\"Ranch Bel Air Tremblant\" \/>\n<meta property=\"article:modified_time\" content=\"2023-06-08T15:46:11+00:00\" \/>\n<meta name=\"twitter:card\" content=\"summary_large_image\" \/>\n<meta name=\"twitter:label1\" content=\"Dur\u00e9e de lecture estim\u00e9e\" \/>\n\t<meta name=\"twitter:data1\" content=\"1 minute\" \/>\n<script type=\"application\/ld+json\" class=\"yoast-schema-graph\">{\"@context\":\"https:\\\/\\\/schema.org\",\"@graph\":[{\"@type\":\"WebPage\",\"@id\":\"https:\\\/\\\/ranchbelairtremblant.com\\\/fr\\\/ono-spa\\\/\",\"url\":\"https:\\\/\\\/ranchbelairtremblant.com\\\/fr\\\/ono-spa\\\/\",\"name\":\"Ono Spa \u00e0 Mont Tremblant. Massage th\u00e9rapeutique \u00e0 Tremblant.\",\"isPartOf\":{\"@id\":\"https:\\\/\\\/ranchbelairtremblant.com\\\/fr\\\/#website\"},\"datePublished\":\"2023-06-08T13:59:28+00:00\",\"dateModified\":\"2023-06-08T15:46:11+00:00\",\"description\":\"Offrez-vous un soin du visage apaisant, une manucure, un enveloppement corporel ou un massage th\u00e9rapeutique \u00e0 Mont Tremblant au Ono Spa Tremblant Bel Air Resort.\",\"breadcrumb\":{\"@id\":\"https:\\\/\\\/ranchbelairtremblant.com\\\/fr\\\/ono-spa\\\/#breadcrumb\"},\"inLanguage\":\"fr-FR\",\"potentialAction\":[{\"@type\":\"ReadAction\",\"target\":[\"https:\\\/\\\/ranchbelairtremblant.com\\\/fr\\\/ono-spa\\\/\"]}]},{\"@type\":\"BreadcrumbList\",\"@id\":\"https:\\\/\\\/ranchbelairtremblant.com\\\/fr\\\/ono-spa\\\/#breadcrumb\",\"itemListElement\":[{\"@type\":\"ListItem\",\"position\":1,\"name\":\"Home\",\"item\":\"https:\\\/\\\/ranchbelairtremblant.com\\\/fr\\\/\"},{\"@type\":\"ListItem\",\"position\":2,\"name\":\"Ono Spa\"}]},{\"@type\":\"WebSite\",\"@id\":\"https:\\\/\\\/ranchbelairtremblant.com\\\/fr\\\/#website\",\"url\":\"https:\\\/\\\/ranchbelairtremblant.com\\\/fr\\\/\",\"name\":\"Ranch Bel Air Tremblant\",\"description\":\"\",\"potentialAction\":[{\"@type\":\"SearchAction\",\"target\":{\"@type\":\"EntryPoint\",\"urlTemplate\":\"https:\\\/\\\/ranchbelairtremblant.com\\\/fr\\\/?s={search_term_string}\"},\"query-input\":{\"@type\":\"PropertyValueSpecification\",\"valueRequired\":true,\"valueName\":\"search_term_string\"}}],\"inLanguage\":\"fr-FR\"}]}<\/script>\n<!-- \/ Yoast SEO Premium plugin. -->","yoast_head_json":{"title":"Ono Spa \u00e0 Mont Tremblant. Massage th\u00e9rapeutique \u00e0 Tremblant.","description":"Offrez-vous un soin du visage apaisant, une manucure, un enveloppement corporel ou un massage th\u00e9rapeutique \u00e0 Mont Tremblant au Ono Spa Tremblant Bel Air Resort.","robots":{"index":"index","follow":"follow","max-snippet":"max-snippet:-1","max-image-preview":"max-image-preview:large","max-video-preview":"max-video-preview:-1"},"canonical":"https:\/\/ranchbelairtremblant.com\/fr\/ono-spa\/","og_locale":"fr_FR","og_type":"article","og_title":"Ono Spa","og_description":"Offrez-vous un soin du visage apaisant, une manucure, un enveloppement corporel ou un massage th\u00e9rapeutique \u00e0 Mont Tremblant au Ono Spa Tremblant Bel Air Resort.","og_url":"https:\/\/ranchbelairtremblant.com\/fr\/ono-spa\/","og_site_name":"Ranch Bel Air Tremblant","article_modified_time":"2023-06-08T15:46:11+00:00","twitter_card":"summary_large_image","twitter_misc":{"Dur\u00e9e de lecture estim\u00e9e":"1 minute"},"schema":{"@context":"https:\/\/schema.org","@graph":[{"@type":"WebPage","@id":"https:\/\/ranchbelairtremblant.com\/fr\/ono-spa\/","url":"https:\/\/ranchbelairtremblant.com\/fr\/ono-spa\/","name":"Ono Spa \u00e0 Mont Tremblant. Massage th\u00e9rapeutique \u00e0 Tremblant.","isPartOf":{"@id":"https:\/\/ranchbelairtremblant.com\/fr\/#website"},"datePublished":"2023-06-08T13:59:28+00:00","dateModified":"2023-06-08T15:46:11+00:00","description":"Offrez-vous un soin du visage apaisant, une manucure, un enveloppement corporel ou un massage th\u00e9rapeutique \u00e0 Mont Tremblant au Ono Spa Tremblant Bel Air Resort.","breadcrumb":{"@id":"https:\/\/ranchbelairtremblant.com\/fr\/ono-spa\/#breadcrumb"},"inLanguage":"fr-FR","potentialAction":[{"@type":"ReadAction","target":["https:\/\/ranchbelairtremblant.com\/fr\/ono-spa\/"]}]},{"@type":"BreadcrumbList","@id":"https:\/\/ranchbelairtremblant.com\/fr\/ono-spa\/#breadcrumb","itemListElement":[{"@type":"ListItem","position":1,"name":"Home","item":"https:\/\/ranchbelairtremblant.com\/fr\/"},{"@type":"ListItem","position":2,"name":"Ono Spa"}]},{"@type":"WebSite","@id":"https:\/\/ranchbelairtremblant.com\/fr\/#website","url":"https:\/\/ranchbelairtremblant.com\/fr\/","name":"Ranch Bel Air Tremblant","description":"","potentialAction":[{"@type":"SearchAction","target":{"@type":"EntryPoint","urlTemplate":"https:\/\/ranchbelairtremblant.com\/fr\/?s={search_term_string}"},"query-input":{"@type":"PropertyValueSpecification","valueRequired":true,"valueName":"search_term_string"}}],"inLanguage":"fr-FR"}]}},"jetpack_sharing_enabled":true,"_links":{"self":[{"href":"https:\/\/ranchbelairtremblant.com\/fr\/wp-json\/wp\/v2\/pages\/391","targetHints":{"allow":["GET"]}}],"collection":[{"href":"https:\/\/ranchbelairtremblant.com\/fr\/wp-json\/wp\/v2\/pages"}],"about":[{"href":"https:\/\/ranchbelairtremblant.com\/fr\/wp-json\/wp\/v2\/types\/page"}],"author":[{"embeddable":true,"href":"https:\/\/ranchbelairtremblant.com\/fr\/wp-json\/wp\/v2\/users\/1"}],"replies":[{"embeddable":true,"href":"https:\/\/ranchbelairtremblant.com\/fr\/wp-json\/wp\/v2\/comments?post=391"}],"version-history":[{"count":2,"href":"https:\/\/ranchbelairtremblant.com\/fr\/wp-json\/wp\/v2\/pages\/391\/revisions"}],"predecessor-version":[{"id":393,"href":"https:\/\/ranchbelairtremblant.com\/fr\/wp-json\/wp\/v2\/pages\/391\/revisions\/393"}],"wp:attachment":[{"href":"https:\/\/ranchbelairtremblant.com\/fr\/wp-json\/wp\/v2\/media?parent=391"}],"curies":[{"name":"wp","href":"https:\/\/api.w.org\/{rel}","templated":true}]}}